{"id":471,"date":"2022-12-05T13:25:29","date_gmt":"2022-12-05T12:25:29","guid":{"rendered":"https:\/\/ecomodule-homes.eu\/?page_id=471"},"modified":"2025-06-26T14:41:12","modified_gmt":"2025-06-26T12:41:12","slug":"konzept-philosophie","status":"publish","type":"page","link":"https:\/\/ecomodule-homes.eu\/nl\/konzept-philosophie\/","title":{"rendered":"concept &amp; filosofie"},"content":{"rendered":"<div id='full_slider_1'  class='avia-fullwidth-slider main_color avia-shadow   avia-builder-el-0  el_before_av_section  avia-builder-el-first   container_wrap sidebar_right' style=' '  ><div   data-size='featured'  data-lightbox_size='large'  data-animation='fade'  data-conditional_play=''  data-ids='1026'  data-video_counter='0'  data-autoplay='true'  data-bg_slider='false'  data-slide_height=''  data-handle='av_slideshow_full'  data-interval='5'  data-class=' '  data-el_id=''  data-css_id=''  data-scroll_down=''  data-control_layout='av-control-minimal'  data-custom_markup=''  data-perma_caption=''  data-autoplay_stopper=''  data-image_attachment=''  data-min_height='0px'  data-lazy_loading='disabled'  data-src=''  data-position='top left'  data-repeat='no-repeat'  data-attach='scroll'  data-stretch=''  data-default-height='28.666666666667'  class='avia-slideshow avia-slideshow-1  av-control-minimal av-default-height-applied avia-slideshow-featured av_slideshow_full   avia-fade-slider'  itemprop=\"image\" itemscope=\"itemscope\" itemtype=\"https:\/\/schema.org\/ImageObject\" ><ul class='avia-slideshow-inner' style='padding-bottom: 28.666666666667%;' ><li  class='av-single-slide slide-1' ><div data-rel='slideshow-1' class='avia-slide-wrap'   ><img decoding=\"async\" class=\"wp-image-1026 avia-img-lazy-loading-not-1026\"  src=\"https:\/\/ecomodule-homes.eu\/wp-content\/uploads\/2023\/01\/eco-slider-plug-1500x430.png\" width=\"1500\" height=\"430\" title='eco-slider-stekker' alt=''  itemprop=\"thumbnailUrl\" srcset=\"https:\/\/ecomodule-homes.eu\/wp-content\/uploads\/2023\/01\/eco-slider-plug-1500x430.png 1500w, https:\/\/ecomodule-homes.eu\/wp-content\/uploads\/2023\/01\/eco-slider-plug-300x86.png 300w, https:\/\/ecomodule-homes.eu\/wp-content\/uploads\/2023\/01\/eco-slider-plug-1030x295.png 1030w, https:\/\/ecomodule-homes.eu\/wp-content\/uploads\/2023\/01\/eco-slider-plug-768x220.png 768w, https:\/\/ecomodule-homes.eu\/wp-content\/uploads\/2023\/01\/eco-slider-plug-1536x440.png 1536w, https:\/\/ecomodule-homes.eu\/wp-content\/uploads\/2023\/01\/eco-slider-plug-2048x587.png 2048w, https:\/\/ecomodule-homes.eu\/wp-content\/uploads\/2023\/01\/eco-slider-plug-705x202.png 705w\" sizes=\"(max-width: 1500px) 100vw, 1500px\" \/><\/div><\/li><\/ul><\/div><\/div>\n<div id='av_section_1'  class='avia-section main_color avia-section-default avia-no-border-styling  avia-bg-style-scroll  avia-builder-el-1  el_after_av_slideshow_full  el_before_av_layout_row   container_wrap sidebar_right' style=' '  ><div class='container' ><div class='template-page content  av-content-small alpha units'><div class='post-entry post-entry-type-page post-entry-471'><div class='entry-content-wrapper clearfix'>\n<div  style='padding-bottom:0px; font-size:45px;' class='av-special-heading av-special-heading-h2  blockquote modern-quote  avia-builder-el-2  el_before_av_one_half  avia-builder-el-first  av-inherit-size'><h2 class='av-special-heading-tag'  itemprop=\"headline\"  >concept <span class='special_amp'>&amp;<\/span> filosofie <\/h2><div class='special-heading-border'><div class='special-heading-inner-border' ><\/div><\/div><\/div>\n<div class='flex_column_table av-equal-height-column-flextable -flextable' ><div class=\"flex_column av_one_half  av-animated-generic bottom-to-top  flex_column_table_cell av-equal-height-column av-align-middle first  avia-builder-el-3  el_after_av_heading  el_before_av_one_half\" style='padding:px 0px 0px 0px ; border-radius:0px; '><section class=\"av_textblock_section\"  itemscope=\"itemscope\" itemtype=\"https:\/\/schema.org\/CreativeWork\" ><div class='avia_textblock'   itemprop=\"text\" ><p>Wij zijn een familiebedrijf en voelen ons persoonlijk verbonden met onze klanten en projecten. Met meer dan 25 jaar branchekennis en knowhow in de vastgoed- en bouwsector hebben wij ons met Eco Module gespecialiseerd in het voorzien in de groeiende vraag naar kleine, betaalbare woningen in de stijl van de bekende tiny houses.<\/p>\n<p>Met ons concept van de Eco-module zijn we internationaal in beweging en kunnen zowel de droom van particuliere klanten vervullen als samen met investeerders grotere modulaire huissystemen voor verschillende gebruiksvarianten realiseren.<\/p>\n<p>Ons kantoor bevindt zich in de historische oude binnenstad van Zell met uitzicht op de Moezel, de stad Kastellaun in de Hunsr\u00fcck en het door de staat erkende toeristenoord Oberwesel am Rhein. Daar bieden wij u de mogelijkheid om met ons kennis te maken en een idee te krijgen van ons aanbod en onze service. U bent ook van harte welkom om een bezoek te brengen aan onze <strong><a href=\"https:\/\/ecomodule-homes.eu\/nl\/#musterhaus\">Modelwoning in Peterswald.<\/a><\/strong><\/p>\n<\/div><\/section><\/div><div class='av-flex-placeholder'><\/div><div class=\"flex_column av_one_half  av-animated-generic bottom-to-top  flex_column_table_cell av-equal-height-column av-align-middle av-zero-column-padding   avia-builder-el-5  el_after_av_one_half  avia-builder-el-last\" style='border-radius:0px; '><p><div  class='avia-image-container  av-styling-circle    avia-builder-el-6  el_before_av_textblock  avia-builder-el-first  avia-align-center'  itemprop=\"image\" itemscope=\"itemscope\" itemtype=\"https:\/\/schema.org\/ImageObject\"  ><div class='avia-image-container-inner'><div class='avia-image-overlay-wrap'><img decoding=\"async\" class='wp-image-373 avia-img-lazy-loading-not-373 avia_image' src=\"https:\/\/ecomodule-homes.eu\/wp-content\/uploads\/2022\/09\/Schnorbach_130220_482-15a1191f.jpeg\" alt='' title='Schnorbach_130220_482-15a1191f' height=\"360\" width=\"360\"  itemprop=\"thumbnailUrl\" srcset=\"https:\/\/ecomodule-homes.eu\/wp-content\/uploads\/2022\/09\/Schnorbach_130220_482-15a1191f.jpeg 360w, https:\/\/ecomodule-homes.eu\/wp-content\/uploads\/2022\/09\/Schnorbach_130220_482-15a1191f-300x300.jpeg 300w, https:\/\/ecomodule-homes.eu\/wp-content\/uploads\/2022\/09\/Schnorbach_130220_482-15a1191f-80x80.jpeg 80w, https:\/\/ecomodule-homes.eu\/wp-content\/uploads\/2022\/09\/Schnorbach_130220_482-15a1191f-36x36.jpeg 36w, https:\/\/ecomodule-homes.eu\/wp-content\/uploads\/2022\/09\/Schnorbach_130220_482-15a1191f-180x180.jpeg 180w\" sizes=\"(max-width: 360px) 100vw, 360px\" \/><\/div><\/div><\/div><br \/>\n<section class=\"av_textblock_section\"  itemscope=\"itemscope\" itemtype=\"https:\/\/schema.org\/CreativeWork\" ><div class='avia_textblock'   itemprop=\"text\" ><p style=\"text-align: center;\"><strong>Peter Lichtherte (oprichter van EcoModule)<\/strong><\/p>\n<\/div><\/section><\/p><\/div><\/div><!--close column table wrapper. Autoclose: 1 --><\/div><\/div><\/div><!-- close content main div --><\/div><\/div><div id='av-layout-grid-1'  class='av-layout-grid-container entry-content-wrapper main_color av-flex-cells     avia-builder-el-8  el_after_av_section  el_before_av_section  av-cell-min-height av-cell-min-height-25 submenu-not-first container_wrap sidebar_right' style=' '   data-av_minimum_height_pc='25'>\n<div class=\"flex_cell no_margin av_one_half  avia-builder-el-9  el_before_av_cell_one_half  avia-builder-el-first   avia-full-stretch av-zero-padding\"  style='background:url(https:\/\/ecomodule-homes.eu\/wp-content\/uploads\/2023\/01\/6ouyO-0Y.png) center center no-repeat scroll; vertical-align:top; padding:0; ' ><div class='flex_cell_inner' ><\/div><\/div><div class=\"flex_cell no_margin av_one_half  avia-builder-el-10  el_after_av_cell_one_half  avia-builder-el-last\"  style='background: #e8e100; vertical-align:middle; padding:50px 200px 50px 50px ; background-color:#e8e100; ' ><div class='flex_cell_inner' ><section class=\"av_textblock_section\"  itemscope=\"itemscope\" itemtype=\"https:\/\/schema.org\/CreativeWork\" ><div class='avia_textblock  av_inherit_color'  style='color:#000000; '  itemprop=\"text\" ><h2>Plug &amp; Play<\/h2>\n<\/div><\/section><br \/>\n<section class=\"av_textblock_section\"  itemscope=\"itemscope\" itemtype=\"https:\/\/schema.org\/CreativeWork\" ><div class='avia_textblock  av_inherit_color'  style='color:#000000; '  itemprop=\"text\" ><p>De term plug and play komt oorspronkelijk uit de IT-sector, maar sluit perfect aan bij de Eco Module-aanpak. Vertaald in het Duits betekent het simpelweg &quot;plug in en begin met spelen&quot;.<\/p>\n<p><strong>Wat betekent dit voor uw Eco Module woning?<\/strong><\/p>\n<p>Bij aflevering wordt uw Eco Module eenvoudig door de vrachtwagen op de ter plaatse voorbereide puntfundering geplaatst en aangesloten op de installatieleidingen voor water, afvalwater en elektriciteit, die ook ter plaatse worden ge\u00efnstalleerd. Uitgebreide montage op locatie is voor u als klant dus niet meer nodig.<\/p>\n<p>Na aansluiting op de gelegde leidingen is uw Eco Module woning klaar om naar wens bewoond of gebruikt te worden. Voor uw modulaire huis betekent plug-and-play: uitschakelen, aansluiten en gebruiken\/leven!<\/p>\n<\/div><\/section><\/p>\n<\/div><\/div><\/div><div id='av_section_2'  class='avia-section main_color avia-section-default avia-no-border-styling  avia-bg-style-scroll  avia-builder-el-13  el_after_av_layout_row  avia-builder-el-last   container_wrap sidebar_right' style=' '  ><div class='container' ><div class='template-page content  av-content-small alpha units'><div class='post-entry post-entry-type-page post-entry-471'><div class='entry-content-wrapper clearfix'>\n<section class=\"av_textblock_section\"  itemscope=\"itemscope\" itemtype=\"https:\/\/schema.org\/CreativeWork\" ><div class='avia_textblock  av_inherit_color'  style='color:#000000; '  itemprop=\"text\" ><h2>Plug &amp; Play met een voorbeeld<\/h2>\n<p>Onze bouw van het modelhuis in Peterswald in de Hunsr\u00fcck in een stroomversnelling.<\/p>\n<\/div><\/section>\n<div  class='avia-video avia-video-16-9 avia-video-html5'   itemprop=\"video\" itemtype=\"https:\/\/schema.org\/VideoObject\"  data-original_url='https:\/\/ecomodule-homes.eu\/wp-content\/uploads\/2023\/03\/Design-ohne-Titel.mp4' ><video class='avia_video'  autoplay preload=\"auto\" muted controls id='player_471_1890619112_2008730200'><source src=\"https:\/\/ecomodule-homes.eu\/wp-content\/uploads\/2023\/03\/Design-ohne-Titel.mp4\" type=\"video\/mp4\" \/><\/video><\/div>\n<\/div><\/div><\/div><!-- close content main div --><\/div><\/div><div id='after_section_2'  class='main_color av_default_container_wrap container_wrap sidebar_right' style=' '  ><div class='container' ><div class='template-page content  av-content-small alpha units'><div class='post-entry post-entry-type-page post-entry-471'><div class='entry-content-wrapper clearfix'><\/p>","protected":false},"excerpt":{"rendered":"","protected":false},"author":1,"featured_media":0,"parent":0,"menu_order":0,"comment_status":"closed","ping_status":"closed","template":"","meta":{"footnotes":""},"class_list":["post-471","page","type-page","status-publish","hentry"],"yoast_head":"<!-- This site is optimized with the Yoast SEO plugin v27.4 - https:\/\/yoast.com\/product\/yoast-seo-wordpress\/ -->\n<title>Konzept &amp; Philosophie - Ecomodule<\/title>\n<meta name=\"description\" content=\"Wir sind ein famili\u00e4r gef\u00fchrtes Unternehmen und f\u00fchlen uns unseren Kunden und Projekten pers\u00f6nlich verbunden. Mit \u00fcber 25 Jahren Branchenkenntnis und Knowhow in der Immobilien- und Baubranche haben wir uns mit Eco Module darauf spezialisiert, den wachsenden Bedarf nach kleinen bezahlbaren H\u00e4usern im Stile der bekannten Tiny H\u00e4user zu decken.\" \/>\n<meta name=\"robots\" content=\"index, follow, max-snippet:-1, max-image-preview:large, max-video-preview:-1\" \/>\n<link rel=\"canonical\" href=\"https:\/\/ecomodule-homes.eu\/nl\/konzept-philosophie\/\" \/>\n<meta property=\"og:locale\" content=\"nl_NL\" \/>\n<meta property=\"og:type\" content=\"article\" \/>\n<meta property=\"og:title\" content=\"Konzept &amp; Philosophie - Ecomodule\" \/>\n<meta property=\"og:description\" content=\"Wir sind ein famili\u00e4r gef\u00fchrtes Unternehmen und f\u00fchlen uns unseren Kunden und Projekten pers\u00f6nlich verbunden. Mit \u00fcber 25 Jahren Branchenkenntnis und Knowhow in der Immobilien- und Baubranche haben wir uns mit Eco Module darauf spezialisiert, den wachsenden Bedarf nach kleinen bezahlbaren H\u00e4usern im Stile der bekannten Tiny H\u00e4user zu decken.\" \/>\n<meta property=\"og:url\" content=\"https:\/\/ecomodule-homes.eu\/nl\/konzept-philosophie\/\" \/>\n<meta property=\"og:site_name\" content=\"Ecomodule\" \/>\n<meta property=\"article:modified_time\" content=\"2025-06-26T12:41:12+00:00\" \/>\n<meta name=\"twitter:card\" content=\"summary_large_image\" \/>\n<meta name=\"twitter:label1\" content=\"Geschatte leestijd\" \/>\n\t<meta name=\"twitter:data1\" content=\"4 minuten\" \/>\n<script type=\"application\/ld+json\" class=\"yoast-schema-graph\">{\"@context\":\"https:\\\/\\\/schema.org\",\"@graph\":[{\"@type\":\"WebPage\",\"@id\":\"https:\\\/\\\/ecomodule-homes.eu\\\/konzept-philosophie\\\/\",\"url\":\"https:\\\/\\\/ecomodule-homes.eu\\\/konzept-philosophie\\\/\",\"name\":\"Konzept & Philosophie - Ecomodule\",\"isPartOf\":{\"@id\":\"https:\\\/\\\/ecomodule-homes.eu\\\/#website\"},\"datePublished\":\"2022-12-05T12:25:29+00:00\",\"dateModified\":\"2025-06-26T12:41:12+00:00\",\"description\":\"Wir sind ein famili\u00e4r gef\u00fchrtes Unternehmen und f\u00fchlen uns unseren Kunden und Projekten pers\u00f6nlich verbunden. Mit \u00fcber 25 Jahren Branchenkenntnis und Knowhow in der Immobilien- und Baubranche haben wir uns mit Eco Module darauf spezialisiert, den wachsenden Bedarf nach kleinen bezahlbaren H\u00e4usern im Stile der bekannten Tiny H\u00e4user zu decken.\",\"breadcrumb\":{\"@id\":\"https:\\\/\\\/ecomodule-homes.eu\\\/konzept-philosophie\\\/#breadcrumb\"},\"inLanguage\":\"nl-NL\",\"potentialAction\":[{\"@type\":\"ReadAction\",\"target\":[\"https:\\\/\\\/ecomodule-homes.eu\\\/konzept-philosophie\\\/\"]}]},{\"@type\":\"BreadcrumbList\",\"@id\":\"https:\\\/\\\/ecomodule-homes.eu\\\/konzept-philosophie\\\/#breadcrumb\",\"itemListElement\":[{\"@type\":\"ListItem\",\"position\":1,\"name\":\"Startseite\",\"item\":\"https:\\\/\\\/ecomodule-homes.eu\\\/home\\\/\"},{\"@type\":\"ListItem\",\"position\":2,\"name\":\"Konzept &#038; Philosophie\"}]},{\"@type\":\"WebSite\",\"@id\":\"https:\\\/\\\/ecomodule-homes.eu\\\/#website\",\"url\":\"https:\\\/\\\/ecomodule-homes.eu\\\/\",\"name\":\"Ecomodule\",\"description\":\"Affordable Homes\",\"alternateName\":\"Ecomodule\",\"potentialAction\":[{\"@type\":\"SearchAction\",\"target\":{\"@type\":\"EntryPoint\",\"urlTemplate\":\"https:\\\/\\\/ecomodule-homes.eu\\\/?s={search_term_string}\"},\"query-input\":{\"@type\":\"PropertyValueSpecification\",\"valueRequired\":true,\"valueName\":\"search_term_string\"}}],\"inLanguage\":\"nl-NL\"}]}<\/script>\n<!-- \/ Yoast SEO plugin. -->","yoast_head_json":{"title":"Concept en filosofie - Ecomodule","description":"Wij zijn een familiebedrijf en voelen ons persoonlijk verbonden met onze klanten en projecten. Met meer dan 25 jaar branchekennis en knowhow in de vastgoed- en bouwsector hebben wij ons met Eco Module gespecialiseerd in het voorzien in de groeiende vraag naar kleine, betaalbare woningen in de stijl van de bekende tiny houses.","robots":{"index":"index","follow":"follow","max-snippet":"max-snippet:-1","max-image-preview":"max-image-preview:large","max-video-preview":"max-video-preview:-1"},"canonical":"https:\/\/ecomodule-homes.eu\/nl\/konzept-philosophie\/","og_locale":"nl_NL","og_type":"article","og_title":"Konzept & Philosophie - Ecomodule","og_description":"Wir sind ein famili\u00e4r gef\u00fchrtes Unternehmen und f\u00fchlen uns unseren Kunden und Projekten pers\u00f6nlich verbunden. Mit \u00fcber 25 Jahren Branchenkenntnis und Knowhow in der Immobilien- und Baubranche haben wir uns mit Eco Module darauf spezialisiert, den wachsenden Bedarf nach kleinen bezahlbaren H\u00e4usern im Stile der bekannten Tiny H\u00e4user zu decken.","og_url":"https:\/\/ecomodule-homes.eu\/nl\/konzept-philosophie\/","og_site_name":"Ecomodule","article_modified_time":"2025-06-26T12:41:12+00:00","twitter_card":"summary_large_image","twitter_misc":{"Geschatte leestijd":"4 minuten"},"schema":{"@context":"https:\/\/schema.org","@graph":[{"@type":"WebPage","@id":"https:\/\/ecomodule-homes.eu\/konzept-philosophie\/","url":"https:\/\/ecomodule-homes.eu\/konzept-philosophie\/","name":"Concept en filosofie - Ecomodule","isPartOf":{"@id":"https:\/\/ecomodule-homes.eu\/#website"},"datePublished":"2022-12-05T12:25:29+00:00","dateModified":"2025-06-26T12:41:12+00:00","description":"Wij zijn een familiebedrijf en voelen ons persoonlijk verbonden met onze klanten en projecten. Met meer dan 25 jaar branchekennis en knowhow in de vastgoed- en bouwsector hebben wij ons met Eco Module gespecialiseerd in het voorzien in de groeiende vraag naar kleine, betaalbare woningen in de stijl van de bekende tiny houses.","breadcrumb":{"@id":"https:\/\/ecomodule-homes.eu\/konzept-philosophie\/#breadcrumb"},"inLanguage":"nl-NL","potentialAction":[{"@type":"ReadAction","target":["https:\/\/ecomodule-homes.eu\/konzept-philosophie\/"]}]},{"@type":"BreadcrumbList","@id":"https:\/\/ecomodule-homes.eu\/konzept-philosophie\/#breadcrumb","itemListElement":[{"@type":"ListItem","position":1,"name":"Startseite","item":"https:\/\/ecomodule-homes.eu\/home\/"},{"@type":"ListItem","position":2,"name":"Konzept &#038; Philosophie"}]},{"@type":"WebSite","@id":"https:\/\/ecomodule-homes.eu\/#website","url":"https:\/\/ecomodule-homes.eu\/","name":"Ecomodule","description":"Betaalbare huizen","alternateName":"Ecomodule","potentialAction":[{"@type":"SearchAction","target":{"@type":"EntryPoint","urlTemplate":"https:\/\/ecomodule-homes.eu\/?s={search_term_string}"},"query-input":{"@type":"PropertyValueSpecification","valueRequired":true,"valueName":"search_term_string"}}],"inLanguage":"nl-NL"}]}},"_links":{"self":[{"href":"https:\/\/ecomodule-homes.eu\/nl\/wp-json\/wp\/v2\/pages\/471","targetHints":{"allow":["GET"]}}],"collection":[{"href":"https:\/\/ecomodule-homes.eu\/nl\/wp-json\/wp\/v2\/pages"}],"about":[{"href":"https:\/\/ecomodule-homes.eu\/nl\/wp-json\/wp\/v2\/types\/page"}],"author":[{"embeddable":true,"href":"https:\/\/ecomodule-homes.eu\/nl\/wp-json\/wp\/v2\/users\/1"}],"replies":[{"embeddable":true,"href":"https:\/\/ecomodule-homes.eu\/nl\/wp-json\/wp\/v2\/comments?post=471"}],"version-history":[{"count":10,"href":"https:\/\/ecomodule-homes.eu\/nl\/wp-json\/wp\/v2\/pages\/471\/revisions"}],"predecessor-version":[{"id":854,"href":"https:\/\/ecomodule-homes.eu\/nl\/wp-json\/wp\/v2\/pages\/471\/revisions\/854"}],"wp:attachment":[{"href":"https:\/\/ecomodule-homes.eu\/nl\/wp-json\/wp\/v2\/media?parent=471"}],"curies":[{"name":"wp","href":"https:\/\/api.w.org\/{rel}","templated":true}]}}